{"id":1077,"date":"2016-12-14T14:06:42","date_gmt":"2016-12-14T19:06:42","guid":{"rendered":"http:\/\/foyergaz.ca\/a-propos-de-nous\/"},"modified":"2023-02-03T15:07:16","modified_gmt":"2023-02-03T20:07:16","slug":"about-us","status":"publish","type":"page","link":"https:\/\/foyergaz.ca\/en\/about-us\/","title":{"rendered":"About us"},"content":{"rendered":"<div class=\"wpb-content-wrapper\">[mk_page_section bg_color=&#8221;#ffffff&#8221; bg_position=&#8221;right top&#8221; bg_repeat=&#8221;no-repeat&#8221; bg_stretch=&#8221;true&#8221; full_width=&#8221;true&#8221; padding_top=&#8221;80&#8243; padding_bottom=&#8221;80&#8243; el_class=&#8221;bjm-white-bg-mobile&#8221; sidebar=&#8221;sidebar-1&#8243;][vc_column][vc_row_inner][vc_column_inner width=&#8221;1\/12&#8243;][\/vc_column_inner][vc_column_inner width=&#8221;5\/12&#8243;][mk_fancy_title tag_name=&#8221;h1&#8243; size=&#8221;42&#8243; force_font_size=&#8221;true&#8221; size_phone=&#8221;32&#8243; font_weight=&#8221;400&#8243; txt_transform=&#8221;uppercase&#8221; margin_bottom=&#8221;0&#8243; font_family=&#8221;none&#8221; responsive_align=&#8221;left&#8221; animation=&#8221;left-to-right&#8221;]About <span style=\"display: inline-block;\">Foyer Gaz<\/span>[\/mk_fancy_title][\/vc_column_inner][vc_column_inner width=&#8221;5\/12&#8243;][\/vc_column_inner][vc_column_inner width=&#8221;1\/12&#8243;][\/vc_column_inner][\/vc_row_inner][vc_row_inner][vc_column_inner width=&#8221;1\/2&#8243;][vc_separator color=&#8221;custom&#8221; align=&#8221;align_left&#8221; border_width=&#8221;4&#8243; accent_color=&#8221;#b80c2f&#8221;][\/vc_column_inner][vc_column_inner width=&#8221;1\/2&#8243;][\/vc_column_inner][\/vc_row_inner][vc_row_inner][vc_column_inner width=&#8221;1\/12&#8243;][\/vc_column_inner][vc_column_inner width=&#8221;5\/12&#8243;][vc_column_text animation=&#8221;fade-in&#8221; css=&#8221;.vc_custom_1610045477335{margin-bottom: 0px !important;}&#8221;]Founded in 1988 under the name Foyer Gaz Climatisation &amp; Chauffage, Foyer Gaz quickly became a leader in the sale, installation, repair and maintenance of heating and air conditioning equipment in Montreal West.[\/vc_column_text][vc_column_text animation=&#8221;fade-in&#8221; css=&#8221;.vc_custom_1666364449599{margin-bottom: 0px !important;}&#8221;]In 2019, Foyer Gaz Climatisation &amp; Chauffage became part of the Quebec-based Nor\u00e9a Foyers chain and consequently changed its company name to Nor\u00e9a Foyers Vaudreuil. In 2022, the company separates from Nor\u00e9a group and becomes Foyer Gaz again, while keeping the same team and the same owners as since its inception.[\/vc_column_text][vc_column_text animation=&#8221;left-to-right&#8221; css=&#8221;.vc_custom_1610045584945{margin-bottom: 0px !important;}&#8221;]\n<h2>Our expert team<\/h2>\n<p><span style=\"font-weight: 400;\">Our teams of professionals are always attentive to your needs in order to offer you the best possible service.<\/span><\/p>\n<p><span style=\"font-weight: 400;\">Our service department includes two technicians and a handyman. Each one has between twenty and thirty years of problem-solving experience.<\/span><\/p>\n<p><span style=\"font-weight: 400;\">Additionally, we have two teams dedicated to the installation of fireplaces, stoves and fireplace inserts. Each team includes an installation specialist with around twenty years of experience and a qualified installation assistant.<\/span><\/p>\n<p><span style=\"font-weight: 400;\">Are you seriously considering the purchase of a fireplace, stove or wall-mounted heat pump to increase the level of comfort in your home? Come talk to our experienced professionals!<\/span>[\/vc_column_text][mk_button dimension=&#8221;flat&#8221; size=&#8221;large&#8221; url=&#8221;\/en\/call-us\/&#8221; btn_hover_bg=&#8221;#e7392c&#8221; btn_hover_txt_color=&#8221;#ffffff&#8221;]Contact our team[\/mk_button][\/vc_column_inner][vc_column_inner width=&#8221;1\/2&#8243;][vc_single_image image=&#8221;407&#8243; img_size=&#8221;full&#8221; alignment=&#8221;center&#8221; css_animation=&#8221;fadeIn&#8221;][\/vc_column_inner][\/vc_row_inner][\/vc_column][\/mk_page_section][mk_page_section bg_color=&#8221;#f7f6f6&#8243; padding_top=&#8221;80&#8243; padding_bottom=&#8221;80&#8243; sidebar=&#8221;sidebar-1&#8243;][vc_column][vc_row_inner][vc_column_inner width=&#8221;1\/3&#8243;][mk_padding_divider size=&#8221;30&#8243; visibility=&#8221;hidden-sm&#8221;][mk_fancy_title size=&#8221;42&#8243; force_font_size=&#8221;true&#8221; size_phone=&#8221;32&#8243; font_weight=&#8221;400&#8243; txt_transform=&#8221;uppercase&#8221; margin_bottom=&#8221;0&#8243; font_family=&#8221;none&#8221; responsive_align=&#8221;left&#8221; animation=&#8221;fade-in&#8221;]Visit one of the most beautiful showrooms in Quebec![\/mk_fancy_title][vc_column_text disable_pattern=&#8221;false&#8221; margin_bottom=&#8221;20&#8243; animation=&#8221;left-to-right&#8221; css=&#8221;.vc_custom_1610045630200{margin-bottom: 20px !important;}&#8221;]Thanks to our experience and expertise, we currently have one of the largest and most complete showrooms in Quebec. Come visit us today! With our extensive selection, you\u2019re sure to find the product of your dreams![\/vc_column_text][\/vc_column_inner][vc_column_inner width=&#8221;2\/3&#8243;][vc_raw_html]JTNDaWZyYW1lJTIwc3R5bGUlM0QlMjJib3JkZXIlM0ElMjAwJTNCJTIyJTIwc3JjJTNEJTIyaHR0cHMlM0ElMkYlMkZ3d3cuZ29vZ2xlLmNvbSUyRm1hcHMlMkZlbWJlZCUzRnBiJTNEJTIxMW0wJTIxNHYxNTExMjAyNDQwNTEwJTIxNm04JTIxMW03JTIxMXNDQW9TTEVGR01WRnBjRTB6WjNSa2RHcEdOVlJhYjJKa01rOVplRGc1TURjMlR6WnliRkpZZFVKUExYZFJZekptJTIxMm0yJTIxMWQ0NS4zNzk2OTU1Njk4ODglMjEyZC03NC4wMjAxNjg3Njg3NDUlMjEzZjExLjUxNjcyMzI1MDY3Nzg0OSUyMTRmLTguMDc3ODg1MTkzMzc3NTI2JTIxNWYwLjc4MjA4NjU5NzQ2Mjc0NjklMjIlMjB3aWR0aCUzRCUyMjEwMCUyNSUyMiUyMGhlaWdodCUzRCUyMjQwMCUyMiUyMGZyYW1lYm9yZGVyJTNEJTIyMCUyMiUyMGFsbG93ZnVsbHNjcmVlbiUzRCUyMmFsbG93ZnVsbHNjcmVlbiUyMiUzRSUzQyUyRmlmcmFtZSUzRQ==[\/vc_raw_html][\/vc_column_inner][\/vc_row_inner][\/vc_column][\/mk_page_section][mk_page_section padding_top=&#8221;80&#8243; padding_bottom=&#8221;0&#8243; sidebar=&#8221;sidebar-1&#8243;][vc_column][vc_row_inner el_class=&#8221;bjm-contact&#8221;][vc_column_inner width=&#8221;1\/12&#8243;][\/vc_column_inner][vc_column_inner width=&#8221;5\/6&#8243;][mk_padding_divider size=&#8221;30&#8243; visibility=&#8221;hidden-sm&#8221;][mk_fancy_title size=&#8221;42&#8243; force_font_size=&#8221;true&#8221; size_phone=&#8221;32&#8243; font_weight=&#8221;400&#8243; txt_transform=&#8221;uppercase&#8221; margin_bottom=&#8221;0&#8243; font_family=&#8221;none&#8221; align=&#8221;center&#8221; animation=&#8221;bottom-to-top&#8221;]Superior-quality products[\/mk_fancy_title][vc_column_text disable_pattern=&#8221;false&#8221; align=&#8221;center&#8221; margin_bottom=&#8221;20&#8243; animation=&#8221;fade-in&#8221; css=&#8221;.vc_custom_1610045652139{margin-bottom: 20px !important;}&#8221;]At Foyer Gaz, we select all of our air conditioning and heating products from among more than 80 well-known brands. We prefer to emphasize local and national buying. That\u2019s why we prioritize high-quality equipment manufactured in North America. We only do business with the top suppliers so we can offer you the very best in comfort for your home.[\/vc_column_text][mk_gallery images=&#8221;423,425,449,453,439,457,433,435,427,441,455,447,431,445,429,443,451,437,560,1399&#8243; column=&#8221;5&#8243; image_size=&#8221;full&#8221; item_spacing=&#8221;16&#8243; margin_bottom=&#8221;0&#8243; orderby=&#8221;id&#8221; el_class=&#8221;bjm-no-click&#8221;][\/vc_column_inner][vc_column_inner width=&#8221;1\/12&#8243;][\/vc_column_inner][\/vc_row_inner][mk_padding_divider size=&#8221;120&#8243;][\/vc_column][\/mk_page_section]\n<\/div>","protected":false},"excerpt":{"rendered":"<p>[mk_page_section bg_color=&#8221;#ffffff&#8221; bg_position=&#8221;right top&#8221; bg_repeat=&#8221;no-repeat&#8221; bg_stretch=&#8221;true&#8221; full_width=&#8221;true&#8221; padding_top=&#8221;80&#8243; padding_bottom=&#8221;80&#8243; el_class=&#8221;bjm-white-bg-mobile&#8221; sidebar=&#8221;sidebar-1&#8243;][vc_column][vc_row_inner][vc_column_inner width=&#8221;1\/12&#8243;][\/vc_column_inner][vc_column_inner width=&#8221;5\/12&#8243;][mk_fancy_title tag_name=&#8221;h1&#8243; size=&#8221;42&#8243; force_font_size=&#8221;true&#8221; size_phone=&#8221;32&#8243; font_weight=&#8221;400&#8243; txt_transform=&#8221;uppercase&#8221; margin_bottom=&#8221;0&#8243; font_family=&#8221;none&#8221; responsive_align=&#8221;left&#8221; animation=&#8221;left-to-right&#8221;]About Foyer Gaz[\/mk_fancy_title][\/vc_column_inner][vc_column_inner width=&#8221;5\/12&#8243;][\/vc_column_inner][vc_column_inner width=&#8221;1\/12&#8243;][\/vc_column_inner][\/vc_row_inner][vc_row_inner][vc_column_inner width=&#8221;1\/2&#8243;][vc_separator color=&#8221;custom&#8221; align=&#8221;align_left&#8221; border_width=&#8221;4&#8243; accent_color=&#8221;#b80c2f&#8221;][\/vc_column_inner][vc_column_inner width=&#8221;1\/2&#8243;][\/vc_column_inner][\/vc_row_inner][vc_row_inner][vc_column_inner width=&#8221;1\/12&#8243;][\/vc_column_inner][vc_column_inner width=&#8221;5\/12&#8243;][vc_column_text animation=&#8221;fade-in&#8221; css=&#8221;.vc_custom_1610045477335{margin-bottom: 0px !important;}&#8221;]Founded in 1988 under the name Foyer Gaz Climatisation &amp; Chauffage, Foyer Gaz quickly became a leader [&hellip;]<\/p>\n","protected":false},"author":8,"featured_media":0,"parent":0,"menu_order":0,"comment_status":"closed","ping_status":"closed","template":"","meta":{"inline_featured_image":false,"footnotes":""},"class_list":["post-1077","page","type-page","status-publish","hentry"],"yoast_head":"<!-- This site is optimized with the Yoast SEO plugin v27.2 - https:\/\/yoast.com\/product\/yoast-seo-wordpress\/ -->\n<title>About Foyer Gaz, formerly Foyer Gaz<\/title>\n<meta name=\"description\" content=\"Discover a unique store offering a vast selection of stoves, fireplaces, barbecues and more! Visit one of the most beautiful showrooms in Quebec\" \/>\n<meta name=\"robots\" content=\"index, follow, max-snippet:-1, max-image-preview:large, max-video-preview:-1\" \/>\n<link rel=\"canonical\" href=\"https:\/\/foyergaz.ca\/en\/about-us\/\" \/>\n<meta property=\"og:locale\" content=\"en_US\" \/>\n<meta property=\"og:type\" content=\"article\" \/>\n<meta property=\"og:title\" content=\"About Foyer Gaz, formerly Foyer Gaz\" \/>\n<meta property=\"og:description\" content=\"Discover a unique store offering a vast selection of stoves, fireplaces, barbecues and more! Visit one of the most beautiful showrooms in Quebec\" \/>\n<meta property=\"og:url\" content=\"https:\/\/foyergaz.ca\/en\/about-us\/\" \/>\n<meta property=\"og:site_name\" content=\"Foyer Gaz\" \/>\n<meta property=\"article:modified_time\" content=\"2023-02-03T20:07:16+00:00\" \/>\n<meta name=\"twitter:card\" content=\"summary_large_image\" \/>\n<meta name=\"twitter:label1\" content=\"Est. reading time\" \/>\n\t<meta name=\"twitter:data1\" content=\"3 minutes\" \/>\n<script type=\"application\/ld+json\" class=\"yoast-schema-graph\">{\"@context\":\"https:\/\/schema.org\",\"@graph\":[{\"@type\":\"WebPage\",\"@id\":\"https:\/\/foyergaz.ca\/en\/about-us\/\",\"url\":\"https:\/\/foyergaz.ca\/en\/about-us\/\",\"name\":\"About Foyer Gaz, formerly Foyer Gaz\",\"isPartOf\":{\"@id\":\"https:\/\/foyergaz.ca\/#website\"},\"datePublished\":\"2016-12-14T19:06:42+00:00\",\"dateModified\":\"2023-02-03T20:07:16+00:00\",\"description\":\"Discover a unique store offering a vast selection of stoves, fireplaces, barbecues and more! Visit one of the most beautiful showrooms in Quebec\",\"breadcrumb\":{\"@id\":\"https:\/\/foyergaz.ca\/en\/about-us\/#breadcrumb\"},\"inLanguage\":\"en-CA\",\"potentialAction\":[{\"@type\":\"ReadAction\",\"target\":[\"https:\/\/foyergaz.ca\/en\/about-us\/\"]}]},{\"@type\":\"BreadcrumbList\",\"@id\":\"https:\/\/foyergaz.ca\/en\/about-us\/#breadcrumb\",\"itemListElement\":[{\"@type\":\"ListItem\",\"position\":1,\"name\":\"Home\",\"item\":\"https:\/\/foyergaz.ca\/en\/\"},{\"@type\":\"ListItem\",\"position\":2,\"name\":\"About us\"}]},{\"@type\":\"WebSite\",\"@id\":\"https:\/\/foyergaz.ca\/#website\",\"url\":\"https:\/\/foyergaz.ca\/\",\"name\":\"Foyer Gaz\",\"description\":\"\",\"potentialAction\":[{\"@type\":\"SearchAction\",\"target\":{\"@type\":\"EntryPoint\",\"urlTemplate\":\"https:\/\/foyergaz.ca\/?s={search_term_string}\"},\"query-input\":{\"@type\":\"PropertyValueSpecification\",\"valueRequired\":true,\"valueName\":\"search_term_string\"}}],\"inLanguage\":\"en-CA\"}]}<\/script>\n<!-- \/ Yoast SEO plugin. -->","yoast_head_json":{"title":"About Foyer Gaz, formerly Foyer Gaz","description":"Discover a unique store offering a vast selection of stoves, fireplaces, barbecues and more! Visit one of the most beautiful showrooms in Quebec","robots":{"index":"index","follow":"follow","max-snippet":"max-snippet:-1","max-image-preview":"max-image-preview:large","max-video-preview":"max-video-preview:-1"},"canonical":"https:\/\/foyergaz.ca\/en\/about-us\/","og_locale":"en_US","og_type":"article","og_title":"About Foyer Gaz, formerly Foyer Gaz","og_description":"Discover a unique store offering a vast selection of stoves, fireplaces, barbecues and more! Visit one of the most beautiful showrooms in Quebec","og_url":"https:\/\/foyergaz.ca\/en\/about-us\/","og_site_name":"Foyer Gaz","article_modified_time":"2023-02-03T20:07:16+00:00","twitter_card":"summary_large_image","twitter_misc":{"Est. reading time":"3 minutes"},"schema":{"@context":"https:\/\/schema.org","@graph":[{"@type":"WebPage","@id":"https:\/\/foyergaz.ca\/en\/about-us\/","url":"https:\/\/foyergaz.ca\/en\/about-us\/","name":"About Foyer Gaz, formerly Foyer Gaz","isPartOf":{"@id":"https:\/\/foyergaz.ca\/#website"},"datePublished":"2016-12-14T19:06:42+00:00","dateModified":"2023-02-03T20:07:16+00:00","description":"Discover a unique store offering a vast selection of stoves, fireplaces, barbecues and more! Visit one of the most beautiful showrooms in Quebec","breadcrumb":{"@id":"https:\/\/foyergaz.ca\/en\/about-us\/#breadcrumb"},"inLanguage":"en-CA","potentialAction":[{"@type":"ReadAction","target":["https:\/\/foyergaz.ca\/en\/about-us\/"]}]},{"@type":"BreadcrumbList","@id":"https:\/\/foyergaz.ca\/en\/about-us\/#breadcrumb","itemListElement":[{"@type":"ListItem","position":1,"name":"Home","item":"https:\/\/foyergaz.ca\/en\/"},{"@type":"ListItem","position":2,"name":"About us"}]},{"@type":"WebSite","@id":"https:\/\/foyergaz.ca\/#website","url":"https:\/\/foyergaz.ca\/","name":"Foyer Gaz","description":"","potentialAction":[{"@type":"SearchAction","target":{"@type":"EntryPoint","urlTemplate":"https:\/\/foyergaz.ca\/?s={search_term_string}"},"query-input":{"@type":"PropertyValueSpecification","valueRequired":true,"valueName":"search_term_string"}}],"inLanguage":"en-CA"}]}},"_links":{"self":[{"href":"https:\/\/foyergaz.ca\/en\/wp-json\/wp\/v2\/pages\/1077","targetHints":{"allow":["GET"]}}],"collection":[{"href":"https:\/\/foyergaz.ca\/en\/wp-json\/wp\/v2\/pages"}],"about":[{"href":"https:\/\/foyergaz.ca\/en\/wp-json\/wp\/v2\/types\/page"}],"author":[{"embeddable":true,"href":"https:\/\/foyergaz.ca\/en\/wp-json\/wp\/v2\/users\/8"}],"replies":[{"embeddable":true,"href":"https:\/\/foyergaz.ca\/en\/wp-json\/wp\/v2\/comments?post=1077"}],"version-history":[{"count":6,"href":"https:\/\/foyergaz.ca\/en\/wp-json\/wp\/v2\/pages\/1077\/revisions"}],"predecessor-version":[{"id":2082,"href":"https:\/\/foyergaz.ca\/en\/wp-json\/wp\/v2\/pages\/1077\/revisions\/2082"}],"wp:attachment":[{"href":"https:\/\/foyergaz.ca\/en\/wp-json\/wp\/v2\/media?parent=1077"}],"curies":[{"name":"wp","href":"https:\/\/api.w.org\/{rel}","templated":true}]}}